{"id":61,"date":"2022-02-14T20:59:53","date_gmt":"2022-02-14T20:59:53","guid":{"rendered":"http:\/\/hemerotecapievi.relades.uagro.mx\/?page_id=61"},"modified":"2023-06-07T03:42:00","modified_gmt":"2023-06-07T03:42:00","slug":"hemeroteca-digital-de-la-plataforma-pi-evi","status":"publish","type":"page","link":"http:\/\/hemerotecapievi.relades.uagro.mx\/","title":{"rendered":"Hemeroteca digital de la plataforma pi.evi UAGro"},"content":{"rendered":"\n<p>La Hemeroteca digital de la plataforma pi.evi es una plataforma tecnol\u00f3gica que integra las notas publicadas en fuentes abiertas y que son clasificadas, almacenadas y publicadas para su consulta, conservando la referencia a la fuente original organizada como colecciones; que permita poder tener una referencia r\u00e1pida y estandarizada a los eventos de violencia de diferentes tem\u00e1ticas.<\/p>\n\n\n\n<h2 id=\"objetivo-general\">Objetivo general<\/h2>\n\n\n\n<p>Implementar un repositorio de datos en l\u00ednea que permita la consulta hemerogr\u00e1fica de fuentes p\u00fablicas sobre incidentes de violencia, que permita la clasificaci\u00f3n, almacenamiento, publicaci\u00f3n, b\u00fasqueda y consulta, de una manera \u00e1gil y din\u00e1mica en la plataforma pi.evi.<\/p>\n\n\n\n<h2 id=\"objetivos-especificos\">Objetivos espec\u00edficos<\/h2>\n\n\n\n<p>Almacenar en un repositorio \u00fanico y centralizado, los datos fundamentales de notas period\u00edsticas publicadas en fuentes abiertas, as\u00ed como la imagen de la fuente original para su referencia.<br>Dotar a la plataforma pi.evi de una herramienta que preserve un modelo estandarizado para la generaci\u00f3n y publicaci\u00f3n de colecciones de datos publicados en fuentes abiertas.<br>Normalizar un proceso para la generaci\u00f3n de datos hemerogr\u00e1ficos a partir de fuentes abiertas para su clasificaci\u00f3n y consulta.<\/p>\n\n\n\n<h2 id=\"colecciones-disponibles\">Colecciones disponibles<\/h2>\n\n\n\n<p><a href=\"http:\/\/hemerotecapievi.relades.uagro.mx\/?page_id=88\">Hemeroteca de eventos de violencia sexual del a\u00f1o 2015 \u2013 2021 en M\u00e9xico<\/a><br><a href=\"http:\/\/hemerotecapievi.relades.uagro.mx\/?page_id=103\">Hemeroteca de eventos de violencia electoral 2021 en M\u00e9xico<\/a><\/p>\n\n\n\n<div class=\"wp-block-cover\" style=\"min-height:242px\"><span aria-hidden=\"true\" class=\"wp-block-cover__gradient-background has-background-dim\"><\/span><img loading=\"lazy\" width=\"2560\" height=\"1600\" class=\"wp-block-cover__image-background wp-image-75\" alt=\"\" src=\"http:\/\/hemerotecapievi.relades.uagro.mx\/wp-content\/uploads\/2022\/02\/5AkJYH-1.jpg\" data-object-fit=\"cover\"\/><div class=\"wp-block-cover__inner-container\">\n<p>Plataforma creada con recursos del proyecto 271129 \u00abInfraestructura Tecnol\u00f3gica para el Estudio de las Violencias en Guerrero\u00bb, Convocatoria Infraestructura 2016 del Consejo Nacional de Ciencia y Tecnolog\u00eda y actualizada con recursos del proyecto 302128 \u00abMantenimiento y actualizaci\u00f3n del laboratorio plataforma tecnol\u00f3gica para el estudio de las violencias en Guerrero\u00bb, desarrollado en el Posgrado en Ciencia Pol\u00edtica del Instituto Internacional de Estudios Pol\u00edticos Avanzados \u00abIgnacio Manuel Altamirano\u00bb de la Universidad Aut\u00f3noma de Guerrero. Responsable T\u00e9cnico: Dr. Gabino Solano Ram\u00edrez.<\/p>\n<\/div><\/div>\n\n\n\n<div class=\"wp-block-columns\">\n<div class=\"wp-block-column\"><\/div>\n\n\n\n<div class=\"wp-block-column\"><\/div>\n<\/div>\n\n\n\n<p><\/p>\n","protected":false},"excerpt":{"rendered":"<p>La Hemeroteca digital de la plataforma pi.evi es una plataforma tecnol\u00f3gica que integra las notas publicadas en fuentes abiertas y que son clasificadas, almacenadas y publicadas para su consulta, conservando la referencia a la fuente original organizada como colecciones; que permita poder tener una referencia r\u00e1pida y estandarizada a los eventos de violencia de diferentes&hellip;&nbsp;<a href=\"http:\/\/hemerotecapievi.relades.uagro.mx\/\" class=\"\" rel=\"bookmark\">Read More &raquo;<span class=\"screen-reader-text\">Hemeroteca digital de la plataforma pi.evi UAGro<\/span><\/a><\/p>\n","protected":false},"author":1,"featured_media":59,"parent":0,"menu_order":0,"comment_status":"closed","ping_status":"closed","template":"","meta":{"neve_meta_sidebar":"full-width","neve_meta_container":"contained","neve_meta_enable_content_width":"","neve_meta_content_width":0,"neve_meta_title_alignment":"center","neve_meta_author_avatar":"","neve_post_elements_order":"","neve_meta_disable_header":"","neve_meta_disable_footer":"","neve_meta_disable_title":""},"_links":{"self":[{"href":"http:\/\/hemerotecapievi.relades.uagro.mx\/index.php?rest_route=\/wp\/v2\/pages\/61"}],"collection":[{"href":"http:\/\/hemerotecapievi.relades.uagro.mx\/index.php?rest_route=\/wp\/v2\/pages"}],"about":[{"href":"http:\/\/hemerotecapievi.relades.uagro.mx\/index.php?rest_route=\/wp\/v2\/types\/page"}],"author":[{"embeddable":true,"href":"http:\/\/hemerotecapievi.relades.uagro.mx\/index.php?rest_route=\/wp\/v2\/users\/1"}],"replies":[{"embeddable":true,"href":"http:\/\/hemerotecapievi.relades.uagro.mx\/index.php?rest_route=%2Fwp%2Fv2%2Fcomments&post=61"}],"version-history":[{"count":10,"href":"http:\/\/hemerotecapievi.relades.uagro.mx\/index.php?rest_route=\/wp\/v2\/pages\/61\/revisions"}],"predecessor-version":[{"id":160,"href":"http:\/\/hemerotecapievi.relades.uagro.mx\/index.php?rest_route=\/wp\/v2\/pages\/61\/revisions\/160"}],"wp:featuredmedia":[{"embeddable":true,"href":"http:\/\/hemerotecapievi.relades.uagro.mx\/index.php?rest_route=\/wp\/v2\/media\/59"}],"wp:attachment":[{"href":"http:\/\/hemerotecapievi.relades.uagro.mx\/index.php?rest_route=%2Fwp%2Fv2%2Fmedia&parent=61"}],"curies":[{"name":"wp","href":"https:\/\/api.w.org\/{rel}","templated":true}]}}